{"id":84,"date":"2015-04-17T15:54:23","date_gmt":"2015-04-17T15:54:23","guid":{"rendered":"http:\/\/www.oevo.at\/?page_id=84"},"modified":"2026-01-28T13:34:02","modified_gmt":"2026-01-28T13:34:02","slug":"vorstand-des-vereins","status":"publish","type":"page","link":"https:\/\/www.oevo.at\/?page_id=84","title":{"rendered":"Organe"},"content":{"rendered":"\n<p><strong>Vorstand<\/strong><\/p>\n\n\n\n<figure class=\"wp-block-table is-style-stripes\"><table><tbody><tr><td>Univ.-Prof.<sup>in<\/sup>&nbsp;Dr.<sup>in<\/sup> Renate E. Meyer, <em>Pr\u00e4sidentin<\/em><br>Wirtschaftsuniversit\u00e4t Wien<\/td><\/tr><tr><td>Priv.-Doz. Dr. Stephan Leixnering, <em>Vizepr\u00e4sident, <\/em><em>Schriftf\u00fchrer<\/em><br>Wirtschaftsuniversit\u00e4t Wien<\/td><\/tr><tr><td>Alfred Zeitlinger, <em>Kassier<\/em><br>ehem. Erste Group<\/td><\/tr><tr><td>Mag.\u00aa Anna Cordt,&nbsp;<em>Vorstandsmitglied<\/em><br>Oesterreichische Nationalbank<\/td><\/tr><tr><td>Univ.-Prof.<sup>in<\/sup>\u00a0Dr.<sup>in<\/sup>\u00a0Ann-Christine Schulz, <em>Vorstandsmitglied<\/em><br>Charlotte Fresenius Privatuniversit\u00e4t &#8211; University of Sustainability<\/td><\/tr><\/tbody><\/table><\/figure>\n\n\n\n<p><\/p>\n\n\n\n<p><strong>Rechnungspr\u00fcfer<\/strong><\/p>\n\n\n\n<figure class=\"wp-block-table is-style-stripes\"><table><tbody><tr><td>MinR Dr. Dietmar Bedenik,&nbsp;<em>Rechnungspr\u00fcfer<br> <\/em>Bundeskanzleramt<\/td><\/tr><tr><td>SC i.R. Mag. Wilhelm Kellner,&nbsp;<em>Rechnungspr\u00fcfer<br> <\/em>ehem. Rechnungshof<\/td><\/tr><\/tbody><\/table><\/figure>\n","protected":false},"excerpt":{"rendered":"<p>Vorstand Univ.-Prof.in&nbsp;Dr.in Renate E. Meyer, Pr\u00e4sidentinWirtschaftsuniversit\u00e4t Wien Priv.-Doz. Dr. Stephan Leixnering, Vizepr\u00e4sident, Schriftf\u00fchrerWirtschaftsuniversit\u00e4t Wien Alfred Zeitlinger, Kassierehem. Erste Group Mag.\u00aa Anna Cordt,&nbsp;VorstandsmitgliedOesterreichische Nationalbank Univ.-Prof.in\u00a0Dr.in\u00a0Ann-Christine Schulz, VorstandsmitgliedCharlotte Fresenius Privatuniversit\u00e4t &#8211; University of Sustainability Rechnungspr\u00fcfer MinR Dr. Dietmar Bedenik,&nbsp;Rechnungspr\u00fcfer Bundeskanzleramt SC i.R. Mag. Wilhelm Kellner,&nbsp;Rechnungspr\u00fcfer ehem. Rechnungshof<\/p>\n","protected":false},"author":3,"featured_media":0,"parent":2,"menu_order":2,"comment_status":"closed","ping_status":"closed","template":"","meta":{"_mi_skip_tracking":false,"footnotes":""},"_links":{"self":[{"href":"https:\/\/www.oevo.at\/index.php?rest_route=\/wp\/v2\/pages\/84"}],"collection":[{"href":"https:\/\/www.oevo.at\/index.php?rest_route=\/wp\/v2\/pages"}],"about":[{"href":"https:\/\/www.oevo.at\/index.php?rest_route=\/wp\/v2\/types\/page"}],"author":[{"embeddable":true,"href":"https:\/\/www.oevo.at\/index.php?rest_route=\/wp\/v2\/users\/3"}],"replies":[{"embeddable":true,"href":"https:\/\/www.oevo.at\/index.php?rest_route=%2Fwp%2Fv2%2Fcomments&post=84"}],"version-history":[{"count":21,"href":"https:\/\/www.oevo.at\/index.php?rest_route=\/wp\/v2\/pages\/84\/revisions"}],"predecessor-version":[{"id":1245,"href":"https:\/\/www.oevo.at\/index.php?rest_route=\/wp\/v2\/pages\/84\/revisions\/1245"}],"up":[{"embeddable":true,"href":"https:\/\/www.oevo.at\/index.php?rest_route=\/wp\/v2\/pages\/2"}],"wp:attachment":[{"href":"https:\/\/www.oevo.at\/index.php?rest_route=%2Fwp%2Fv2%2Fmedia&parent=84"}],"curies":[{"name":"wp","href":"https:\/\/api.w.org\/{rel}","templated":true}]}}