{"id":463,"date":"2016-11-25T12:12:05","date_gmt":"2016-11-25T12:12:05","guid":{"rendered":"http:\/\/www.oevo.at\/?page_id=463"},"modified":"2025-07-16T10:01:31","modified_gmt":"2025-07-16T10:01:31","slug":"mitgliederbereich","status":"publish","type":"page","link":"https:\/\/www.oevo.at\/?page_id=463","title":{"rendered":"Mitgliederbereich"},"content":{"rendered":"<div class=\"members-access-error\">Sie ben\u00f6tigen einen Mitgliedsuser f\u00fcr diese Seite. Sind Sie bereits \u00d6VO-Mitglied? Wenn nicht, wenden Sie sich bitte an <a href=\"mailto:oevo@oevo.at\">oevo@oevo.at<\/a>.<\/p>\n<p>Zur Anmeldung: <a href=\"http:\/\/www.oevo.at\/wp-login.php\">http:\/\/www.oevo.at\/wp-login.php<\/a><\/div>\n","protected":false},"excerpt":{"rendered":"<div class=\"members-access-error\">Sie ben\u00f6tigen einen Mitgliedsuser f\u00fcr diese Seite. Sind Sie bereits \u00d6VO-Mitglied? Wenn nicht, wenden Sie sich bitte an <a href=\"mailto:oevo@oevo.at\">oevo@oevo.at<\/a>.<\/p>\n<p>Zur Anmeldung: <a href=\"http:\/\/www.oevo.at\/wp-login.php\">http:\/\/www.oevo.at\/wp-login.php<\/a><\/div>\n","protected":false},"author":2,"featured_media":0,"parent":0,"menu_order":4,"comment_status":"closed","ping_status":"closed","template":"","meta":{"_mi_skip_tracking":false,"footnotes":""},"_links":{"self":[{"href":"https:\/\/www.oevo.at\/index.php?rest_route=\/wp\/v2\/pages\/463"}],"collection":[{"href":"https:\/\/www.oevo.at\/index.php?rest_route=\/wp\/v2\/pages"}],"about":[{"href":"https:\/\/www.oevo.at\/index.php?rest_route=\/wp\/v2\/types\/page"}],"author":[{"embeddable":true,"href":"https:\/\/www.oevo.at\/index.php?rest_route=\/wp\/v2\/users\/2"}],"replies":[{"embeddable":true,"href":"https:\/\/www.oevo.at\/index.php?rest_route=%2Fwp%2Fv2%2Fcomments&post=463"}],"version-history":[{"count":28,"href":"https:\/\/www.oevo.at\/index.php?rest_route=\/wp\/v2\/pages\/463\/revisions"}],"predecessor-version":[{"id":1136,"href":"https:\/\/www.oevo.at\/index.php?rest_route=\/wp\/v2\/pages\/463\/revisions\/1136"}],"wp:attachment":[{"href":"https:\/\/www.oevo.at\/index.php?rest_route=%2Fwp%2Fv2%2Fmedia&parent=463"}],"curies":[{"name":"wp","href":"https:\/\/api.w.org\/{rel}","templated":true}]}}