{"id":44,"date":"2015-03-30T18:48:28","date_gmt":"2015-03-30T18:48:28","guid":{"rendered":"http:\/\/www.oevo.at\/?page_id=44"},"modified":"2023-06-12T12:59:22","modified_gmt":"2023-06-12T12:59:22","slug":"zertifizierungen","status":"publish","type":"page","link":"https:\/\/www.oevo.at\/?page_id=44","title":{"rendered":"Zertifizierungen"},"content":{"rendered":"<p><strong>Achtung: Zertifizierungen sind ab 2022 nur noch \u00fcber ABPMP m\u00f6glich! <\/strong><\/p>\n<p>Wichtige Information zu allen CBPA- und CBPP-Zertifizierungen ab 01.01.2022:<\/p>\n<p>Aufgrund neuer Lizenzvereinbarungen werden ab dem 01.01.2022 in \u00d6sterreich \u00fcber die \u00d6VO \u2013 \u00d6sterreichische Vereinigung f\u00fcr Organisation und Management keine Zertifizierungen mehr durchgef\u00fchrt.<\/p>\n<p>Alle CBPA- und CBPP-Zertifizierungen laufen ab diesem Zeitpunkt nur noch direkt \u00fcber die amerikanische ABPMP mit Sitz in Pensacola\/Florida. Zurzeit werden dort alle Pr\u00fcfungen ausschlie\u00dflich auf Englisch durchgef\u00fchrt. Eine deutschsprachige Pr\u00fcfung ist in Vorbereitung, aber aktuell noch nicht m\u00f6glich. Aktuelle Informationen dazu finden Sie auf der Website der gfo &#8211; Gesellschaft f\u00fcr Organisation e.V.: <a href=\"https:\/\/gfo-web.de\/gfo\/zertifizierungen\/\">https:\/\/gfo-web.de\/gfo\/zertifizierungen\/<\/a>.<\/p>\n<p>Auch Rezertifizierungen werden ab dem 01.01.2022 ausschlie\u00dflich von der ABPMP erstellt; diese sind mit USD 75,&#8211; veranschlagt. Als \u00d6VO\/gfo\/SGO-Mitglied betragen die Geb\u00fchren f\u00fcr die Rezertifizierung nur USD 50,&#8211;.<\/p>\n<p>Alle weiteren Informationen zur amerikanischen Pr\u00fcfung entnehmen Sie bitte direkt der ABPMP-Website: <a href=\"https:\/\/www.abpmp.org\/page\/certification_home\">https:\/\/www.abpmp.org\/page\/certification_home<\/a>.<\/p>\n","protected":false},"excerpt":{"rendered":"<p>Achtung: Zertifizierungen sind ab 2022 nur noch \u00fcber ABPMP m\u00f6glich! Wichtige Information zu allen CBPA- und CBPP-Zertifizierungen ab 01.01.2022: Aufgrund neuer Lizenzvereinbarungen werden ab dem 01.01.2022 in \u00d6sterreich \u00fcber die \u00d6VO \u2013 \u00d6sterreichische Vereinigung f\u00fcr Organisation und Management keine Zertifizierungen mehr durchgef\u00fchrt. Alle CBPA- und CBPP-Zertifizierungen laufen ab diesem Zeitpunkt nur noch direkt \u00fcber die&#8230;<\/p>\n","protected":false},"author":3,"featured_media":0,"parent":0,"menu_order":5,"comment_status":"closed","ping_status":"closed","template":"","meta":{"_mi_skip_tracking":false,"footnotes":""},"_links":{"self":[{"href":"https:\/\/www.oevo.at\/index.php?rest_route=\/wp\/v2\/pages\/44"}],"collection":[{"href":"https:\/\/www.oevo.at\/index.php?rest_route=\/wp\/v2\/pages"}],"about":[{"href":"https:\/\/www.oevo.at\/index.php?rest_route=\/wp\/v2\/types\/page"}],"author":[{"embeddable":true,"href":"https:\/\/www.oevo.at\/index.php?rest_route=\/wp\/v2\/users\/3"}],"replies":[{"embeddable":true,"href":"https:\/\/www.oevo.at\/index.php?rest_route=%2Fwp%2Fv2%2Fcomments&post=44"}],"version-history":[{"count":24,"href":"https:\/\/www.oevo.at\/index.php?rest_route=\/wp\/v2\/pages\/44\/revisions"}],"predecessor-version":[{"id":1057,"href":"https:\/\/www.oevo.at\/index.php?rest_route=\/wp\/v2\/pages\/44\/revisions\/1057"}],"wp:attachment":[{"href":"https:\/\/www.oevo.at\/index.php?rest_route=%2Fwp%2Fv2%2Fmedia&parent=44"}],"curies":[{"name":"wp","href":"https:\/\/api.w.org\/{rel}","templated":true}]}}