{"id":275,"date":"2015-12-15T19:47:06","date_gmt":"2015-12-15T19:47:06","guid":{"rendered":"http:\/\/www.oevo.at\/?page_id=275"},"modified":"2024-01-19T13:21:02","modified_gmt":"2024-01-19T13:21:02","slug":"kontaktdaten","status":"publish","type":"page","link":"https:\/\/www.oevo.at\/?page_id=275","title":{"rendered":"Kontakt"},"content":{"rendered":"<p>\u00d6VO \u2013 \u00d6sterreichische Vereinigung f\u00fcr Organisation und Management<br \/>\np.A. Institute for Organization Studies, WU Wien<br \/>\nWelthandelsplatz 1, Geb\u00e4ude D2<br \/>\n1020 Wien<\/p>\n<p>oevo@oevo.at<\/p>\n","protected":false},"excerpt":{"rendered":"<p>\u00d6VO \u2013 \u00d6sterreichische Vereinigung f\u00fcr Organisation und Management p.A. Institute for Organization Studies, WU Wien Welthandelsplatz 1, Geb\u00e4ude D2 1020 Wien oevo@oevo.at<\/p>\n","protected":false},"author":3,"featured_media":0,"parent":2,"menu_order":4,"comment_status":"closed","ping_status":"closed","template":"","meta":{"_mi_skip_tracking":false,"footnotes":""},"_links":{"self":[{"href":"https:\/\/www.oevo.at\/index.php?rest_route=\/wp\/v2\/pages\/275"}],"collection":[{"href":"https:\/\/www.oevo.at\/index.php?rest_route=\/wp\/v2\/pages"}],"about":[{"href":"https:\/\/www.oevo.at\/index.php?rest_route=\/wp\/v2\/types\/page"}],"author":[{"embeddable":true,"href":"https:\/\/www.oevo.at\/index.php?rest_route=\/wp\/v2\/users\/3"}],"replies":[{"embeddable":true,"href":"https:\/\/www.oevo.at\/index.php?rest_route=%2Fwp%2Fv2%2Fcomments&post=275"}],"version-history":[{"count":8,"href":"https:\/\/www.oevo.at\/index.php?rest_route=\/wp\/v2\/pages\/275\/revisions"}],"predecessor-version":[{"id":1103,"href":"https:\/\/www.oevo.at\/index.php?rest_route=\/wp\/v2\/pages\/275\/revisions\/1103"}],"up":[{"embeddable":true,"href":"https:\/\/www.oevo.at\/index.php?rest_route=\/wp\/v2\/pages\/2"}],"wp:attachment":[{"href":"https:\/\/www.oevo.at\/index.php?rest_route=%2Fwp%2Fv2%2Fmedia&parent=275"}],"curies":[{"name":"wp","href":"https:\/\/api.w.org\/{rel}","templated":true}]}}