{"id":2,"date":"2015-01-18T16:51:32","date_gmt":"2015-01-18T16:51:32","guid":{"rendered":"http:\/\/www.oevo.at\/?page_id=2"},"modified":"2024-02-14T16:40:47","modified_gmt":"2024-02-14T16:40:47","slug":"beispiel-seite","status":"publish","type":"page","link":"https:\/\/www.oevo.at\/?page_id=2","title":{"rendered":"\u00dcber uns"},"content":{"rendered":"<p>Die \u00d6sterreichische Vereinigung f\u00fcr Organisation und Management (\u00d6VO), ist eine private, gemeinn\u00fctzige Plattform f\u00fcr F\u00fchrungskr\u00e4fte und Organisationsspezialist:innen aus Wirtschaft, Verwaltung und Wissenschaft. Sie wurde 1981 als Spin-off der Wirtschaftsuniversit\u00e4t Wien von em. o. Univ.Prof. Dr. Oskar Gr\u00fcn gegr\u00fcndet und verfolgt bis heute das Ziel, den Dialog zwischen Organisationsforschung und -praxis zu st\u00e4rken. Das geschieht im Rahmen zahlreicher <a href=\"https:\/\/www.oevo.at\/?page_id=19\">Dialogveranstaltungen<\/a> zu aktuellen Organisationsthemen sowie in Form der des Publikationsorgans <a href=\"https:\/\/www.zfo.de\/\">zfo \u2013 zeitschrift f\u00fchrung + organisation<\/a>. Mit ihrer \u00fcber 125-j\u00e4hrigen Tradition z\u00e4hlt die zfo nicht nur zu den etabliertesten \u201eBridging Journals\u201c zwischen Forschung und Praxis, sondern auch zu den traditionsreichsten betriebswirtschaftlichen Fachzeitschriften \u00fcberhaupt.<\/p>\n<p>\u00d6VO \u2013 \u00d6sterreichische Vereinigung f\u00fcr Organisation &amp; Management | ZVR 223439223<br \/>\np.A. Institute for Organization Studies | WU Wien | Welthandelsplatz 1 \/ Geb\u00e4ude D1 | 1020 Wien<\/p>\n","protected":false},"excerpt":{"rendered":"<p>Die \u00d6sterreichische Vereinigung f\u00fcr Organisation und Management (\u00d6VO), ist eine private, gemeinn\u00fctzige Plattform f\u00fcr F\u00fchrungskr\u00e4fte und Organisationsspezialist:innen aus Wirtschaft, Verwaltung und Wissenschaft. Sie wurde 1981 als Spin-off der Wirtschaftsuniversit\u00e4t Wien von em. o. Univ.Prof. Dr. Oskar Gr\u00fcn gegr\u00fcndet und verfolgt bis heute das Ziel, den Dialog zwischen Organisationsforschung und -praxis zu st\u00e4rken. Das geschieht im&#8230;<\/p>\n","protected":false},"author":1,"featured_media":0,"parent":0,"menu_order":2,"comment_status":"closed","ping_status":"closed","template":"","meta":{"_mi_skip_tracking":false,"footnotes":""},"_links":{"self":[{"href":"https:\/\/www.oevo.at\/index.php?rest_route=\/wp\/v2\/pages\/2"}],"collection":[{"href":"https:\/\/www.oevo.at\/index.php?rest_route=\/wp\/v2\/pages"}],"about":[{"href":"https:\/\/www.oevo.at\/index.php?rest_route=\/wp\/v2\/types\/page"}],"author":[{"embeddable":true,"href":"https:\/\/www.oevo.at\/index.php?rest_route=\/wp\/v2\/users\/1"}],"replies":[{"embeddable":true,"href":"https:\/\/www.oevo.at\/index.php?rest_route=%2Fwp%2Fv2%2Fcomments&post=2"}],"version-history":[{"count":12,"href":"https:\/\/www.oevo.at\/index.php?rest_route=\/wp\/v2\/pages\/2\/revisions"}],"predecessor-version":[{"id":1110,"href":"https:\/\/www.oevo.at\/index.php?rest_route=\/wp\/v2\/pages\/2\/revisions\/1110"}],"wp:attachment":[{"href":"https:\/\/www.oevo.at\/index.php?rest_route=%2Fwp%2Fv2%2Fmedia&parent=2"}],"curies":[{"name":"wp","href":"https:\/\/api.w.org\/{rel}","templated":true}]}}