{"id":1157,"date":"2024-10-25T17:09:40","date_gmt":"2024-10-25T17:09:40","guid":{"rendered":"https:\/\/www.oevo.at\/?page_id=1157"},"modified":"2026-03-17T09:24:06","modified_gmt":"2026-03-17T09:24:06","slug":"startseite","status":"publish","type":"page","link":"https:\/\/www.oevo.at\/","title":{"rendered":""},"content":{"rendered":"\n<figure class=\"wp-block-image size-large\"><a href=\"https:\/\/www.oevo.at\/wp-content\/uploads\/2015\/07\/oevo_header_home_v5.png\"><img decoding=\"async\" loading=\"lazy\" width=\"644\" height=\"117\" src=\"https:\/\/www.oevo.at\/wp-content\/uploads\/2015\/07\/oevo_header_home_v5-644x117.png\" alt=\"\" class=\"wp-image-157\" srcset=\"https:\/\/www.oevo.at\/wp-content\/uploads\/2015\/07\/oevo_header_home_v5-644x117.png 644w, https:\/\/www.oevo.at\/wp-content\/uploads\/2015\/07\/oevo_header_home_v5-300x55.png 300w, https:\/\/www.oevo.at\/wp-content\/uploads\/2015\/07\/oevo_header_home_v5-600x109.png 600w\" sizes=\"(max-width: 644px) 100vw, 644px\" \/><\/a><\/figure>\n\n\n\n<p> <\/p>\n\n\n\n<p class=\"has-large-font-size\"><strong>Herzlich Willkommen!<\/strong><\/p>\n\n\n\n<p>Herzlich willkommen auf dem Internetauftritt der \u00d6sterreichischen Vereinigung f\u00fcr Organisation und Management (\u00d6VO).<\/p>\n\n\n\n<hr class=\"wp-block-separator has-alpha-channel-opacity\"\/>\n\n\n<figure class=\"wp-block-table is-style-stripes\">\n<table>\n<tbody>\n<tr>\n<td>Besuchen Sie uns auch auf <a href=\"https:\/\/www.linkedin.com\/company\/%C3%B6vo-%C3%B6sterreischische-vereinigung-f%C3%BCr-organisation-und-management\/\">LinkedIn<\/a><\/td>\n<td class=\"has-text-align-right\" data-align=\"right\">\n<figure class=\"wp-block-image size-full is-resized\"><a href=\"https:\/\/www.linkedin.com\/company\/%C3%B6vo-%C3%B6sterreischische-vereinigung-f%C3%BCr-organisation-und-management\/\" data-type=\"link\" data-id=\"https:\/\/www.linkedin.com\/company\/%C3%B6vo-%C3%B6sterreischische-vereinigung-f%C3%BCr-organisation-und-management\/\"><img decoding=\"async\" loading=\"lazy\" width=\"256\" height=\"256\" class=\"wp-image-1175\" style=\"aspect-ratio: 1 \/ 1; width: 58px;\" src=\"https:\/\/www.oevo.at\/wp-content\/uploads\/2024\/11\/In-Blue-Logo.png.original.png\" alt=\"\" srcset=\"https:\/\/www.oevo.at\/wp-content\/uploads\/2024\/11\/In-Blue-Logo.png.original.png 256w, https:\/\/www.oevo.at\/wp-content\/uploads\/2024\/11\/In-Blue-Logo.png.original-150x150.png 150w\" sizes=\"(max-width: 256px) 100vw, 256px\" \/><\/a><\/figure>\n<\/td>\n<\/tr>\n<\/tbody>\n<\/table>\n<\/figure>\n\n\n<p><\/p>\n","protected":false},"excerpt":{"rendered":"<p>Herzlich Willkommen! Herzlich willkommen auf dem Internetauftritt der \u00d6sterreichischen Vereinigung f\u00fcr Organisation und Management (\u00d6VO). Besuchen Sie uns auch auf LinkedIn<\/p>\n","protected":false},"author":2,"featured_media":0,"parent":0,"menu_order":0,"comment_status":"closed","ping_status":"closed","template":"","meta":{"_mi_skip_tracking":false,"footnotes":""},"_links":{"self":[{"href":"https:\/\/www.oevo.at\/index.php?rest_route=\/wp\/v2\/pages\/1157"}],"collection":[{"href":"https:\/\/www.oevo.at\/index.php?rest_route=\/wp\/v2\/pages"}],"about":[{"href":"https:\/\/www.oevo.at\/index.php?rest_route=\/wp\/v2\/types\/page"}],"author":[{"embeddable":true,"href":"https:\/\/www.oevo.at\/index.php?rest_route=\/wp\/v2\/users\/2"}],"replies":[{"embeddable":true,"href":"https:\/\/www.oevo.at\/index.php?rest_route=%2Fwp%2Fv2%2Fcomments&post=1157"}],"version-history":[{"count":46,"href":"https:\/\/www.oevo.at\/index.php?rest_route=\/wp\/v2\/pages\/1157\/revisions"}],"predecessor-version":[{"id":1270,"href":"https:\/\/www.oevo.at\/index.php?rest_route=\/wp\/v2\/pages\/1157\/revisions\/1270"}],"wp:attachment":[{"href":"https:\/\/www.oevo.at\/index.php?rest_route=%2Fwp%2Fv2%2Fmedia&parent=1157"}],"curies":[{"name":"wp","href":"https:\/\/api.w.org\/{rel}","templated":true}]}}